{"id":14,"date":"2020-04-11T17:54:07","date_gmt":"2020-04-11T15:54:07","guid":{"rendered":"http:\/\/marecettedubonheur.com\/?page_id=14"},"modified":"2024-07-04T15:03:00","modified_gmt":"2024-07-04T13:03:00","slug":"qui-suis-je","status":"publish","type":"page","link":"https:\/\/marecettedubonheur.com\/index.php\/qui-suis-je\/","title":{"rendered":"Qui suis-je ?"},"content":{"rendered":"\n<p>Caroline, la quarantaine s&rsquo;approchant \u00e0 grands pas, en qu\u00eate d&rsquo;autonomie et de libert\u00e9, physique et spirituelle !<\/p>\n\n\n\n<p>Ma recherche m&rsquo;a amen\u00e9 \u00e0 investiguer beaucoup de domaines, allant de la mythologie \u00e0 la spiritualit\u00e9, en passant par la psychologie, la vie de la nature et&#8230; en vivant !<br>J&rsquo;ai fait et fais partie de plusieurs mouvements, r\u00e9seaux et associations allant dans ce sens et je vous partage ici mes exp\u00e9riences et r\u00e9flexions.<\/p>\n\n\n\n<p>Je suis aussi en qu\u00eate de mon futur lieu de vie, o\u00f9 je pourrais cr\u00e9er et d\u00e9velopper tout ce qui me tient \u00e0 c\u0153ur : le lien \u00e0 la nature, l&rsquo;art, la simplicit\u00e9 et le bon sens&#8230;<\/p>\n\n\n\n<h4 class=\"wp-block-heading\"><strong>Me contacter<\/strong><\/h4>\n\n\n\n<p>Si vous souhaitez me contacter par rapport \u00e0 un article, si vous avez une d\u00e9marche proche, si vous souhaitez que je parle de quelque chose en particulier, si vous voulez juste papoter, ou autre, vous pouvez remplir le formulaire ci-dessous.<\/p>\n\n\n\n<p>Ceci est mon blog \u00ab\u00a0perso\u00a0\u00bb. Pour mon activit\u00e9 professionnelle artistique, vous pouvez me retrouver sur <a href=\"http:\/\/lebulbeaplumes.art\" data-type=\"URL\" data-id=\"http:\/\/lebulbeaplumes.art\" target=\"_blank\" rel=\"noreferrer noopener\">www.lebulbeaplumes.art<\/a>.<\/p>\n\n\n<div class=\"wpforms-container wpforms-container-full wpforms-block wpforms-block-834e1352-7899-4b0f-94d8-14863d2bde95\" id=\"wpforms-39\"><form id=\"wpforms-form-39\" class=\"wpforms-validate wpforms-form\" data-formid=\"39\" method=\"post\" enctype=\"multipart\/form-data\" action=\"\/index.php\/wp-json\/wp\/v2\/pages\/14\" data-token=\"67f04396a0cfe4d0ee03f039e7bcdbb9\" data-token-time=\"1776602214\"><noscript class=\"wpforms-error-noscript\">Veuillez activer JavaScript dans votre navigateur pour remplir ce formulaire.<\/noscript><div class=\"wpforms-field-container\"><div id=\"wpforms-39-field_0-container\" class=\"wpforms-field wpforms-field-name\" data-field-id=\"0\"><label class=\"wpforms-field-label\" for=\"wpforms-39-field_0\">Nom <span class=\"wpforms-required-label\">*<\/span><\/label><input type=\"text\" id=\"wpforms-39-field_0\" class=\"wpforms-field-medium wpforms-field-required\" name=\"wpforms[fields][0]\" required><\/div><div id=\"wpforms-39-field_1-container\" class=\"wpforms-field wpforms-field-email\" data-field-id=\"1\"><label class=\"wpforms-field-label\" for=\"wpforms-39-field_1\">E-mail <span class=\"wpforms-required-label\">*<\/span><\/label><input type=\"email\" id=\"wpforms-39-field_1\" class=\"wpforms-field-medium wpforms-field-required\" name=\"wpforms[fields][1]\" spellcheck=\"false\" required><\/div><div id=\"wpforms-39-field_3-container\" class=\"wpforms-field wpforms-field-text\" data-field-id=\"3\"><label class=\"wpforms-field-label\" for=\"wpforms-39-field_3\">Sujet<\/label><input type=\"text\" id=\"wpforms-39-field_3\" class=\"wpforms-field-medium wpforms-limit-characters-enabled\" data-form-id=\"39\" data-field-id=\"3\" data-text-limit=\"100\" name=\"wpforms[fields][3]\" maxlength=\"100\" ><\/div><div id=\"wpforms-39-field_2-container\" class=\"wpforms-field wpforms-field-textarea\" data-field-id=\"2\"><label class=\"wpforms-field-label\" for=\"wpforms-39-field_2\">Commentaire ou message <span class=\"wpforms-required-label\">*<\/span><\/label><textarea id=\"wpforms-39-field_2\" class=\"wpforms-field-medium wpforms-field-required\" name=\"wpforms[fields][2]\" required><\/textarea><\/div><\/div><!-- .wpforms-field-container --><div class=\"wpforms-field wpforms-field-hp\"><label for=\"wpforms-39-field-hp\" class=\"wpforms-field-label\">Message<\/label><input type=\"text\" name=\"wpforms[hp]\" id=\"wpforms-39-field-hp\" class=\"wpforms-field-medium\"><\/div><div class=\"wpforms-submit-container\" ><input type=\"hidden\" name=\"wpforms[id]\" value=\"39\"><input type=\"hidden\" name=\"page_title\" value=\"\"><input type=\"hidden\" name=\"page_url\" value=\"https:\/\/marecettedubonheur.com\/index.php\/wp-json\/wp\/v2\/pages\/14\"><input type=\"hidden\" name=\"url_referer\" value=\"\">\t\t<div id=\"cf-turnstile-wpf-1642712830\"\r\n\t\tclass=\"cf-turnstile\" \t\tdata-sitekey=\"0x4AAAAAAA_8yV-zRhPpiMph\"\r\n\t\tdata-theme=\"light\"\r\n\t\tdata-language=\"auto\"\r\n\t\tdata-size=\"normal\"\r\n\t\tdata-retry=\"auto\" data-retry-interval=\"1000\"\r\n\t\tdata-action=\"wpforms-39\"\r\n\t\t\t\tdata-appearance=\"always\"><\/div>\r\n\t\t\t<script>document.addEventListener(\"DOMContentLoaded\", function() { setTimeout(function(){ var e=document.getElementById(\"cf-turnstile-wpf-1642712830\"); e&&!e.innerHTML.trim()&&(turnstile.remove(\"#cf-turnstile-wpf-1642712830\"), turnstile.render(\"#cf-turnstile-wpf-1642712830\", {sitekey:\"0x4AAAAAAA_8yV-zRhPpiMph\"})); }, 0); });<\/script>\r\n\t\t\t<br class=\"cf-turnstile-br cf-turnstile-br-wpf-1642712830\">\r\n\t\t\t\t<style>#cf-turnstile-wpf-1642712830 { margin-left: -15px; }<\/style>\r\n\t\t<button type=\"submit\" name=\"wpforms[submit]\" id=\"wpforms-submit-39\" class=\"wpforms-submit\" data-alt-text=\"Envoi en cours...\" data-submit-text=\"Envoyer\" aria-live=\"assertive\" value=\"wpforms-submit\">Envoyer<\/button><\/div><\/form><\/div>  <!-- .wpforms-container --><div data-animation=\"rubberBand\" data-icons-animation=\"no-animation\" data-overlay=\"on\" data-change-size=\"\" data-button-size=\"0.7\" style=\"font-size:0.7em!important;display:none;\" class=\"supsystic-social-sharing supsystic-social-sharing-package-flat supsystic-social-sharing-hide-on-homepage supsystic-social-sharing-spacing supsystic-social-sharing-content supsystic-social-sharing-content-align-left\" data-text=\"\"><a data-networks=\"[]\" class=\"social-sharing-button sharer-flat sharer-flat-3 counter-standard without-counter facebook\" target=\"_blank\" title=\"Facebook\" href=\"http:\/\/www.facebook.com\/sharer.php?u=https%3A%2F%2Fmarecettedubonheur.com%2Findex.php%2Fqui-suis-je%2F\" data-main-href=\"http:\/\/www.facebook.com\/sharer.php?u={url}\" data-nid=\"1\" data-name=\"\" data-pid=\"1\" data-post-id=\"14\" data-url=\"https:\/\/marecettedubonheur.com\/wp-admin\/admin-ajax.php\" rel=\"nofollow\" data-mailto=\"\"><i class=\"fa-ssbs fa-ssbs-fw fa-ssbs-facebook\"><\/i><div class=\"counter-wrap standard\"><span class=\"counter\">0<\/span><\/div><\/a><a data-networks=\"[]\" class=\"social-sharing-button sharer-flat sharer-flat-3 counter-standard without-counter twitter\" target=\"_blank\" title=\"Twitter\" href=\"https:\/\/twitter.com\/share?url=https%3A%2F%2Fmarecettedubonheur.com%2Findex.php%2Fqui-suis-je%2F&text=Qui+suis-je+%3F\" data-main-href=\"https:\/\/twitter.com\/share?url={url}&text={title}\" data-nid=\"2\" data-name=\"\" data-pid=\"1\" data-post-id=\"14\" data-url=\"https:\/\/marecettedubonheur.com\/wp-admin\/admin-ajax.php\" rel=\"nofollow\" data-mailto=\"\"><i class=\"fa-ssbs fa-ssbs-fw fa-ssbs-twitter\"><\/i><div class=\"counter-wrap standard\"><span class=\"counter\">0<\/span><\/div><\/a><a data-networks=\"[]\" class=\"social-sharing-button sharer-flat sharer-flat-3 counter-standard without-counter like\" target=\"_blank\" title=\"Like\" href=\"#\" data-main-href=\"#\" data-nid=\"5\" data-name=\"\" data-pid=\"1\" data-post-id=\"14\" data-url=\"https:\/\/marecettedubonheur.com\/wp-admin\/admin-ajax.php\" rel=\"nofollow\" data-mailto=\"\"><i class=\"fa-ssbs fa-ssbs-fw fa-ssbs-heart\"><\/i><div class=\"counter-wrap standard\"><span class=\"counter\">0<\/span><\/div><\/a><a data-networks=\"[]\" class=\"social-sharing-button sharer-flat sharer-flat-3 counter-standard without-counter pinterest\" target=\"_blank\" title=\"Partager sur Pinterest\" href=\"http:\/\/pinterest.com\/pin\/create\/link\/?url=https%3A%2F%2Fmarecettedubonheur.com%2Findex.php%2Fqui-suis-je%2F&description=Qui+suis-je+%3F\" data-main-href=\"http:\/\/pinterest.com\/pin\/create\/link\/?url={url}&description={title}\" data-nid=\"7\" data-name=\"\" data-pid=\"1\" data-post-id=\"14\" data-url=\"https:\/\/marecettedubonheur.com\/wp-admin\/admin-ajax.php\" rel=\"nofollow\" data-mailto=\"\"><i class=\"fa-ssbs fa-ssbs-fw fa-ssbs-pinterest\"><\/i><div class=\"counter-wrap standard\"><span class=\"counter\">0<\/span><\/div><\/a><a data-networks=\"[]\" class=\"social-sharing-button sharer-flat sharer-flat-3 counter-standard without-counter mail\" target=\"_blank\" title=\"Partager par Mail\" href=\"#\" data-main-href=\"#\" data-nid=\"16\" data-name=\"\" data-pid=\"1\" data-post-id=\"14\" data-url=\"https:\/\/marecettedubonheur.com\/wp-admin\/admin-ajax.php\" rel=\"nofollow\" data-mailto=\"\"><i class=\"fa-ssbs fa-ssbs-fw fa-ssbs-envelope-o\"><\/i><div class=\"counter-wrap standard\"><span class=\"counter\">0<\/span><\/div><\/a><\/div>","protected":false},"excerpt":{"rendered":"<p>Caroline, la quarantaine s&rsquo;approchant \u00e0 grands pas, en qu\u00eate d&rsquo;autonomie et de libert\u00e9, physique et spirituelle ! Ma recherche m&rsquo;a &hellip; <\/p>\n<div data-animation=\"rubberBand\" data-icons-animation=\"no-animation\" data-overlay=\"on\" data-change-size=\"\" data-button-size=\"0.7\" style=\"font-size:0.7em!important;display:none;\" class=\"supsystic-social-sharing supsystic-social-sharing-package-flat supsystic-social-sharing-hide-on-homepage supsystic-social-sharing-spacing supsystic-social-sharing-content supsystic-social-sharing-content-align-left\" data-text=\"\"><a data-networks=\"[]\" class=\"social-sharing-button sharer-flat sharer-flat-3 counter-standard without-counter facebook\" target=\"_blank\" title=\"Facebook\" href=\"http:\/\/www.facebook.com\/sharer.php?u=https%3A%2F%2Fmarecettedubonheur.com%2Findex.php%2Fqui-suis-je%2F\" data-main-href=\"http:\/\/www.facebook.com\/sharer.php?u={url}\" data-nid=\"1\" data-name=\"\" data-pid=\"1\" data-post-id=\"14\" data-url=\"https:\/\/marecettedubonheur.com\/wp-admin\/admin-ajax.php\" rel=\"nofollow\" data-mailto=\"\"><i class=\"fa-ssbs fa-ssbs-fw fa-ssbs-facebook\"><\/i><div class=\"counter-wrap standard\"><span class=\"counter\">0<\/span><\/div><\/a><a data-networks=\"[]\" class=\"social-sharing-button sharer-flat sharer-flat-3 counter-standard without-counter twitter\" target=\"_blank\" title=\"Twitter\" href=\"https:\/\/twitter.com\/share?url=https%3A%2F%2Fmarecettedubonheur.com%2Findex.php%2Fqui-suis-je%2F&text=Qui+suis-je+%3F\" data-main-href=\"https:\/\/twitter.com\/share?url={url}&text={title}\" data-nid=\"2\" data-name=\"\" data-pid=\"1\" data-post-id=\"14\" data-url=\"https:\/\/marecettedubonheur.com\/wp-admin\/admin-ajax.php\" rel=\"nofollow\" data-mailto=\"\"><i class=\"fa-ssbs fa-ssbs-fw fa-ssbs-twitter\"><\/i><div class=\"counter-wrap standard\"><span class=\"counter\">0<\/span><\/div><\/a><a data-networks=\"[]\" class=\"social-sharing-button sharer-flat sharer-flat-3 counter-standard without-counter like\" target=\"_blank\" title=\"Like\" href=\"#\" data-main-href=\"#\" data-nid=\"5\" data-name=\"\" data-pid=\"1\" data-post-id=\"14\" data-url=\"https:\/\/marecettedubonheur.com\/wp-admin\/admin-ajax.php\" rel=\"nofollow\" data-mailto=\"\"><i class=\"fa-ssbs fa-ssbs-fw fa-ssbs-heart\"><\/i><div class=\"counter-wrap standard\"><span class=\"counter\">0<\/span><\/div><\/a><a data-networks=\"[]\" class=\"social-sharing-button sharer-flat sharer-flat-3 counter-standard without-counter pinterest\" target=\"_blank\" title=\"Partager sur Pinterest\" href=\"http:\/\/pinterest.com\/pin\/create\/link\/?url=https%3A%2F%2Fmarecettedubonheur.com%2Findex.php%2Fqui-suis-je%2F&description=Qui+suis-je+%3F\" data-main-href=\"http:\/\/pinterest.com\/pin\/create\/link\/?url={url}&description={title}\" data-nid=\"7\" data-name=\"\" data-pid=\"1\" data-post-id=\"14\" data-url=\"https:\/\/marecettedubonheur.com\/wp-admin\/admin-ajax.php\" rel=\"nofollow\" data-mailto=\"\"><i class=\"fa-ssbs fa-ssbs-fw fa-ssbs-pinterest\"><\/i><div class=\"counter-wrap standard\"><span class=\"counter\">0<\/span><\/div><\/a><a data-networks=\"[]\" class=\"social-sharing-button sharer-flat sharer-flat-3 counter-standard without-counter mail\" target=\"_blank\" title=\"Partager par Mail\" href=\"#\" data-main-href=\"#\" data-nid=\"16\" data-name=\"\" data-pid=\"1\" data-post-id=\"14\" data-url=\"https:\/\/marecettedubonheur.com\/wp-admin\/admin-ajax.php\" rel=\"nofollow\" data-mailto=\"\"><i class=\"fa-ssbs fa-ssbs-fw fa-ssbs-envelope-o\"><\/i><div class=\"counter-wrap standard\"><span class=\"counter\">0<\/span><\/div><\/a><\/div>","protected":false},"author":1,"featured_media":0,"parent":0,"menu_order":0,"comment_status":"closed","ping_status":"closed","template":"","meta":{"footnotes":""},"class_list":["post-14","page","type-page","status-publish","hentry"],"_links":{"self":[{"href":"https:\/\/marecettedubonheur.com\/index.php\/wp-json\/wp\/v2\/pages\/14"}],"collection":[{"href":"https:\/\/marecettedubonheur.com\/index.php\/wp-json\/wp\/v2\/pages"}],"about":[{"href":"https:\/\/marecettedubonheur.com\/index.php\/wp-json\/wp\/v2\/types\/page"}],"author":[{"embeddable":true,"href":"https:\/\/marecettedubonheur.com\/index.php\/wp-json\/wp\/v2\/users\/1"}],"replies":[{"embeddable":true,"href":"https:\/\/marecettedubonheur.com\/index.php\/wp-json\/wp\/v2\/comments?post=14"}],"version-history":[{"count":16,"href":"https:\/\/marecettedubonheur.com\/index.php\/wp-json\/wp\/v2\/pages\/14\/revisions"}],"predecessor-version":[{"id":702,"href":"https:\/\/marecettedubonheur.com\/index.php\/wp-json\/wp\/v2\/pages\/14\/revisions\/702"}],"wp:attachment":[{"href":"https:\/\/marecettedubonheur.com\/index.php\/wp-json\/wp\/v2\/media?parent=14"}],"curies":[{"name":"wp","href":"https:\/\/api.w.org\/{rel}","templated":true}]}}